{"id":37,"date":"2018-12-03T14:49:34","date_gmt":"2018-12-03T13:49:34","guid":{"rendered":"https:\/\/stuflesser.com\/?page_id=37"},"modified":"2023-04-18T14:03:00","modified_gmt":"2023-04-18T12:03:00","slug":"paepstlicher-hoflieferant","status":"publish","type":"page","link":"https:\/\/www.stuflesser.com\/de\/paepstlicher-hoflieferant\/","title":{"rendered":"P\u00e4pstlicher Hoflieferant"},"content":{"rendered":"","protected":false},"excerpt":{"rendered":"","protected":false},"author":1,"featured_media":0,"parent":0,"menu_order":7,"comment_status":"closed","ping_status":"closed","template":"papstlicher-hoflieferant.php","meta":[],"acf":[],"yoast_head":"<!-- This site is optimized with the Yoast SEO plugin v21.8.1 - https:\/\/yoast.com\/wordpress\/plugins\/seo\/ -->\n<title>P\u00e4pstlicher Hoflieferant: Heiligenfiguren, Alt\u00e4re &amp; Statuen f\u00fcr den Vatikan.<\/title>\n<meta name=\"description\" content=\"Wir realisieren Schnitzarbeit auf Ma\u00df, fertigen Statuen verschiedener Gr\u00f6\u00dfen per Hand an. Wir kreieren auch Alt\u00e4re f\u00fcr Kirchen, Kapellen und Kathedralen.\" \/>\n<meta name=\"robots\" content=\"index, follow, max-snippet:-1, max-image-preview:large, max-video-preview:-1\" \/>\n<link rel=\"canonical\" href=\"https:\/\/www.stuflesser.com\/de\/paepstlicher-hoflieferant\/\" \/>\n<meta property=\"og:locale\" content=\"de_DE\" \/>\n<meta property=\"og:type\" content=\"article\" \/>\n<meta property=\"og:title\" content=\"P\u00e4pstlicher Hoflieferant: Heiligenfiguren, Alt\u00e4re &amp; Statuen f\u00fcr den Vatikan.\" \/>\n<meta property=\"og:description\" content=\"Wir realisieren Schnitzarbeit auf Ma\u00df, fertigen Statuen verschiedener Gr\u00f6\u00dfen per Hand an. Wir kreieren auch Alt\u00e4re f\u00fcr Kirchen, Kapellen und Kathedralen.\" \/>\n<meta property=\"og:url\" content=\"https:\/\/www.stuflesser.com\/de\/paepstlicher-hoflieferant\/\" \/>\n<meta property=\"og:site_name\" content=\"Ferdinand Stuflesser 1875\" \/>\n<meta property=\"article:modified_time\" content=\"2023-04-18T12:03:00+00:00\" \/>\n<meta property=\"og:image\" content=\"https:\/\/www.stuflesser.com\/wp-content\/uploads\/2019\/04\/Unbenannt-1_06-1.png\" \/>\n\t<meta property=\"og:image:width\" content=\"1075\" \/>\n\t<meta property=\"og:image:height\" content=\"630\" \/>\n\t<meta property=\"og:image:type\" content=\"image\/png\" \/>\n<meta name=\"twitter:card\" content=\"summary_large_image\" \/>\n<script type=\"application\/ld+json\" class=\"yoast-schema-graph\">{\"@context\":\"https:\/\/schema.org\",\"@graph\":[{\"@type\":\"WebPage\",\"@id\":\"https:\/\/www.stuflesser.com\/de\/paepstlicher-hoflieferant\/\",\"url\":\"https:\/\/www.stuflesser.com\/de\/paepstlicher-hoflieferant\/\",\"name\":\"P\u00e4pstlicher Hoflieferant: Heiligenfiguren, Alt\u00e4re & Statuen f\u00fcr den Vatikan.\",\"isPartOf\":{\"@id\":\"https:\/\/www.stuflesser.com\/de\/#website\"},\"datePublished\":\"2018-12-03T13:49:34+00:00\",\"dateModified\":\"2023-04-18T12:03:00+00:00\",\"description\":\"Wir realisieren Schnitzarbeit auf Ma\u00df, fertigen Statuen verschiedener Gr\u00f6\u00dfen per Hand an. Wir kreieren auch Alt\u00e4re f\u00fcr Kirchen, Kapellen und Kathedralen.\",\"breadcrumb\":{\"@id\":\"https:\/\/www.stuflesser.com\/de\/paepstlicher-hoflieferant\/#breadcrumb\"},\"inLanguage\":\"de\",\"potentialAction\":[{\"@type\":\"ReadAction\",\"target\":[\"https:\/\/www.stuflesser.com\/de\/paepstlicher-hoflieferant\/\"]}]},{\"@type\":\"BreadcrumbList\",\"@id\":\"https:\/\/www.stuflesser.com\/de\/paepstlicher-hoflieferant\/#breadcrumb\",\"itemListElement\":[{\"@type\":\"ListItem\",\"position\":1,\"name\":\"Home\",\"item\":\"https:\/\/www.stuflesser.com\/de\/\"},{\"@type\":\"ListItem\",\"position\":2,\"name\":\"P\u00e4pstlicher Hoflieferant\"}]},{\"@type\":\"WebSite\",\"@id\":\"https:\/\/www.stuflesser.com\/de\/#website\",\"url\":\"https:\/\/www.stuflesser.com\/de\/\",\"name\":\"Ferdinand Stuflesser 1875\",\"description\":\"Wir schnitzen seit 1875 Holzschnitzereien, Kircheneinrichtungen, Alt\u00e4re, Kreuzwegstationen, Monumente bzw. andere Kirchenm\u00f6bel wie Statuen und Skulpturen.\",\"potentialAction\":[{\"@type\":\"SearchAction\",\"target\":{\"@type\":\"EntryPoint\",\"urlTemplate\":\"https:\/\/www.stuflesser.com\/de\/?s={search_term_string}\"},\"query-input\":\"required name=search_term_string\"}],\"inLanguage\":\"de\"}]}<\/script>\n<!-- \/ Yoast SEO plugin. -->","yoast_head_json":{"title":"P\u00e4pstlicher Hoflieferant: Heiligenfiguren, Alt\u00e4re & Statuen f\u00fcr den Vatikan.","description":"Wir realisieren Schnitzarbeit auf Ma\u00df, fertigen Statuen verschiedener Gr\u00f6\u00dfen per Hand an. Wir kreieren auch Alt\u00e4re f\u00fcr Kirchen, Kapellen und Kathedralen.","robots":{"index":"index","follow":"follow","max-snippet":"max-snippet:-1","max-image-preview":"max-image-preview:large","max-video-preview":"max-video-preview:-1"},"canonical":"https:\/\/www.stuflesser.com\/de\/paepstlicher-hoflieferant\/","og_locale":"de_DE","og_type":"article","og_title":"P\u00e4pstlicher Hoflieferant: Heiligenfiguren, Alt\u00e4re & Statuen f\u00fcr den Vatikan.","og_description":"Wir realisieren Schnitzarbeit auf Ma\u00df, fertigen Statuen verschiedener Gr\u00f6\u00dfen per Hand an. Wir kreieren auch Alt\u00e4re f\u00fcr Kirchen, Kapellen und Kathedralen.","og_url":"https:\/\/www.stuflesser.com\/de\/paepstlicher-hoflieferant\/","og_site_name":"Ferdinand Stuflesser 1875","article_modified_time":"2023-04-18T12:03:00+00:00","og_image":[{"width":1075,"height":630,"url":"https:\/\/www.stuflesser.com\/wp-content\/uploads\/2019\/04\/Unbenannt-1_06-1.png","type":"image\/png"}],"twitter_card":"summary_large_image","schema":{"@context":"https:\/\/schema.org","@graph":[{"@type":"WebPage","@id":"https:\/\/www.stuflesser.com\/de\/paepstlicher-hoflieferant\/","url":"https:\/\/www.stuflesser.com\/de\/paepstlicher-hoflieferant\/","name":"P\u00e4pstlicher Hoflieferant: Heiligenfiguren, Alt\u00e4re & Statuen f\u00fcr den Vatikan.","isPartOf":{"@id":"https:\/\/www.stuflesser.com\/de\/#website"},"datePublished":"2018-12-03T13:49:34+00:00","dateModified":"2023-04-18T12:03:00+00:00","description":"Wir realisieren Schnitzarbeit auf Ma\u00df, fertigen Statuen verschiedener Gr\u00f6\u00dfen per Hand an. Wir kreieren auch Alt\u00e4re f\u00fcr Kirchen, Kapellen und Kathedralen.","breadcrumb":{"@id":"https:\/\/www.stuflesser.com\/de\/paepstlicher-hoflieferant\/#breadcrumb"},"inLanguage":"de","potentialAction":[{"@type":"ReadAction","target":["https:\/\/www.stuflesser.com\/de\/paepstlicher-hoflieferant\/"]}]},{"@type":"BreadcrumbList","@id":"https:\/\/www.stuflesser.com\/de\/paepstlicher-hoflieferant\/#breadcrumb","itemListElement":[{"@type":"ListItem","position":1,"name":"Home","item":"https:\/\/www.stuflesser.com\/de\/"},{"@type":"ListItem","position":2,"name":"P\u00e4pstlicher Hoflieferant"}]},{"@type":"WebSite","@id":"https:\/\/www.stuflesser.com\/de\/#website","url":"https:\/\/www.stuflesser.com\/de\/","name":"Ferdinand Stuflesser 1875","description":"Wir schnitzen seit 1875 Holzschnitzereien, Kircheneinrichtungen, Alt\u00e4re, Kreuzwegstationen, Monumente bzw. andere Kirchenm\u00f6bel wie Statuen und Skulpturen.","potentialAction":[{"@type":"SearchAction","target":{"@type":"EntryPoint","urlTemplate":"https:\/\/www.stuflesser.com\/de\/?s={search_term_string}"},"query-input":"required name=search_term_string"}],"inLanguage":"de"}]}},"_links":{"self":[{"href":"https:\/\/www.stuflesser.com\/de\/wp-json\/wp\/v2\/pages\/37"}],"collection":[{"href":"https:\/\/www.stuflesser.com\/de\/wp-json\/wp\/v2\/pages"}],"about":[{"href":"https:\/\/www.stuflesser.com\/de\/wp-json\/wp\/v2\/types\/page"}],"author":[{"embeddable":true,"href":"https:\/\/www.stuflesser.com\/de\/wp-json\/wp\/v2\/users\/1"}],"replies":[{"embeddable":true,"href":"https:\/\/www.stuflesser.com\/de\/wp-json\/wp\/v2\/comments?post=37"}],"version-history":[{"count":38,"href":"https:\/\/www.stuflesser.com\/de\/wp-json\/wp\/v2\/pages\/37\/revisions"}],"predecessor-version":[{"id":13648,"href":"https:\/\/www.stuflesser.com\/de\/wp-json\/wp\/v2\/pages\/37\/revisions\/13648"}],"wp:attachment":[{"href":"https:\/\/www.stuflesser.com\/de\/wp-json\/wp\/v2\/media?parent=37"}],"curies":[{"name":"wp","href":"https:\/\/api.w.org\/{rel}","templated":true}]}}